{"id":155,"date":"2021-06-01T08:56:32","date_gmt":"2021-06-01T08:56:32","guid":{"rendered":"https:\/\/bottledcocktails.de\/?post_type=product&#038;p=155"},"modified":"2026-03-19T03:01:10","modified_gmt":"2026-03-19T03:01:10","slug":"margarita","status":"publish","type":"product","link":"https:\/\/bottledcocktails.de\/en\/product\/margarita","title":{"rendered":"Margarita"},"content":{"rendered":"<p>Margarita is more than just a woman&#039;s name.<\/p>\n<p>Ganz besonders unser Margarita ist eine Anlehnung an den Tommy?s Margarita und somit mit ein wenig Agaven Sirup versehen, um die trockene S\u00e4ure der Limette zu entsch\u00e4rfen. Generell kannst Du selbst entscheiden, wie Du diesen Drink geniessen m\u00f6chtest: mit oder ohne Salzrand, in einer Cocktail Schale oder in einem Tumbler mit Eis.<\/p>\n<p>No matter how, when and where.<\/p>\n<p>Have fun and enjoy.<\/p>\n<div style=\"text-align: center;margin-top: 40px\"><\/div>\n<div style=\"text-align: center;margin: auto\"><a href=\"https:\/\/open.spotify.com\/playlist\/4mYLjuEIuVtPVzLkybbfGw?si=25025bf69d014833\" target=\"_blank\" rel=\"noopener noreferrer\"><img decoding=\"async\" class=\"size-medium wp-image-461\" style=\"display: inline-block;margin: 1em\" src=\"https:\/\/bottledcocktails.de\/wp-content\/uploads\/2021\/06\/Spotify-300x132.png\" alt=\"Spotify Playlist Wiedergabelise Musik Music Entertainment 1080 BOCO Cocktail bottled cocktails Lieferdienst Drinks Zuhause Rezept\" width=\"114\" height=\"50\" srcset=\"https:\/\/bottledcocktails.de\/wp-content\/uploads\/2021\/06\/Spotify-150x66@2x.png.webp 300w, https:\/\/bottledcocktails.de\/wp-content\/uploads\/2021\/06\/Spotify-450x198.png.webp 450w, https:\/\/bottledcocktails.de\/wp-content\/uploads\/2021\/06\/Spotify-600x265.png.webp 600w, https:\/\/bottledcocktails.de\/wp-content\/uploads\/2021\/06\/Spotify-1024x452.png.webp 1024w, https:\/\/bottledcocktails.de\/wp-content\/uploads\/2021\/06\/Spotify-150x66.png.webp 150w, https:\/\/bottledcocktails.de\/wp-content\/uploads\/2021\/06\/Spotify-1536x677.png.webp 1536w, https:\/\/bottledcocktails.de\/wp-content\/uploads\/2021\/06\/Spotify-2048x903.png.webp 2048w, https:\/\/bottledcocktails.de\/wp-content\/uploads\/2021\/06\/Spotify-18x8.png.webp 18w, https:\/\/bottledcocktails.de\/wp-content\/uploads\/2021\/06\/Spotify-768x339.png.webp 768w, https:\/\/bottledcocktails.de\/wp-content\/uploads\/2021\/06\/Spotify-450x198@2x.png 900w, https:\/\/bottledcocktails.de\/wp-content\/uploads\/2021\/06\/Spotify-600x265@2x.png.webp 1200w, https:\/\/bottledcocktails.de\/wp-content\/uploads\/2021\/06\/Spotify-18x8@2x.png.webp 36w\" sizes=\"(max-width: 114px) 100vw, 114px\" \/><\/a><a target=\"_blank\" rel=\"noopener noreferrer\"><img decoding=\"async\" class=\"size-medium wp-image-460\" style=\"display: inline-block;margin: 1em;width: 145px\" src=\"https:\/\/bottledcocktails.de\/wp-content\/uploads\/2021\/06\/AppleMusic-300x103.png\" alt=\"Apple Playlist Wiedergabelise Musik Music Entertainment 1080 BOCO Cocktail bottled cocktails Lieferdienst Drinks Zuhause Rezept\" width=\"114\" height=\"50\" \/><\/a><a href=\"https:\/\/music.amazon.de\/user-playlists\/7602880efae54a6ba05b82b92ff17bf7dede?marketplaceId=A1PA6795UKMFR9&amp;musicTerritory=DE\" target=\"_blank\" rel=\"noopener noreferrer\"><img decoding=\"async\" class=\"size-medium wp-image-459\" style=\"display: inline-block;margin: 1em\" src=\"https:\/\/bottledcocktails.de\/wp-content\/uploads\/2021\/06\/AmazonMusic-300x132.png\" alt=\"Amazon Musik Music Entertainment 1080 BOCO Cocktail bottled cocktails Lieferdienst Drinks Zuhause Rezept\" width=\"114\" height=\"50\" srcset=\"https:\/\/bottledcocktails.de\/wp-content\/uploads\/2021\/06\/AmazonMusic-150x66@2x.png.webp 300w, https:\/\/bottledcocktails.de\/wp-content\/uploads\/2021\/06\/AmazonMusic-450x198.png.webp 450w, https:\/\/bottledcocktails.de\/wp-content\/uploads\/2021\/06\/AmazonMusic-600x265.png.webp 600w, https:\/\/bottledcocktails.de\/wp-content\/uploads\/2021\/06\/AmazonMusic-1024x452.png.webp 1024w, https:\/\/bottledcocktails.de\/wp-content\/uploads\/2021\/06\/AmazonMusic-150x66.png.webp 150w, https:\/\/bottledcocktails.de\/wp-content\/uploads\/2021\/06\/AmazonMusic-1536x677.png.webp 1536w, https:\/\/bottledcocktails.de\/wp-content\/uploads\/2021\/06\/AmazonMusic-2048x903.png.webp 2048w, https:\/\/bottledcocktails.de\/wp-content\/uploads\/2021\/06\/AmazonMusic-18x8.png.webp 18w, https:\/\/bottledcocktails.de\/wp-content\/uploads\/2021\/06\/AmazonMusic-768x339.png.webp 768w, https:\/\/bottledcocktails.de\/wp-content\/uploads\/2021\/06\/AmazonMusic-450x198@2x.png.webp 900w, https:\/\/bottledcocktails.de\/wp-content\/uploads\/2021\/06\/AmazonMusic-600x265@2x.png.webp 1200w, https:\/\/bottledcocktails.de\/wp-content\/uploads\/2021\/06\/AmazonMusic-18x8@2x.png.webp 36w\" sizes=\"(max-width: 114px) 100vw, 114px\" \/><\/a><\/div>","protected":false},"excerpt":{"rendered":"<p>100ml | 500ml<br \/>\n15.3% vol<\/p>","protected":false},"featured_media":70,"template":"","meta":[],"product_brand":[],"product_cat":[21],"product_tag":[],"class_list":{"0":"post-155","1":"product","2":"type-product","3":"status-publish","4":"has-post-thumbnail","6":"product_cat-cocktails","8":"first","9":"instock","10":"taxable","11":"shipping-taxable","12":"purchasable","13":"product-type-variable"},"jetpack_sharing_enabled":true,"_links":{"self":[{"href":"https:\/\/bottledcocktails.de\/en\/wp-json\/wp\/v2\/product\/155","targetHints":{"allow":["GET"]}}],"collection":[{"href":"https:\/\/bottledcocktails.de\/en\/wp-json\/wp\/v2\/product"}],"about":[{"href":"https:\/\/bottledcocktails.de\/en\/wp-json\/wp\/v2\/types\/product"}],"wp:featuredmedia":[{"embeddable":true,"href":"https:\/\/bottledcocktails.de\/en\/wp-json\/wp\/v2\/media\/70"}],"wp:attachment":[{"href":"https:\/\/bottledcocktails.de\/en\/wp-json\/wp\/v2\/media?parent=155"}],"wp:term":[{"taxonomy":"product_brand","embeddable":true,"href":"https:\/\/bottledcocktails.de\/en\/wp-json\/wp\/v2\/product_brand?post=155"},{"taxonomy":"product_cat","embeddable":true,"href":"https:\/\/bottledcocktails.de\/en\/wp-json\/wp\/v2\/product_cat?post=155"},{"taxonomy":"product_tag","embeddable":true,"href":"https:\/\/bottledcocktails.de\/en\/wp-json\/wp\/v2\/product_tag?post=155"}],"curies":[{"name":"wp","href":"https:\/\/api.w.org\/{rel}","templated":true}]}}